{"id":1629,"date":"2025-09-09T22:02:41","date_gmt":"2025-09-09T20:02:41","guid":{"rendered":"https:\/\/atdays.sk\/?page_id=1629"},"modified":"2025-09-11T14:56:22","modified_gmt":"2025-09-11T12:56:22","slug":"general-rules-for-the-protection-of-personal-data-2","status":"publish","type":"page","link":"https:\/\/atdays.sk\/en\/general-rules-for-the-protection-of-personal-data-2\/","title":{"rendered":"General Rules for the Protection of Personal Data"},"content":{"rendered":"\n<h4 class=\"wp-block-heading\">Controller<\/h4>\n\n\n\n<p>\u200bCreative Industry Ko\u0161ice n.o., I\u010cO: 35&nbsp;583 461, address: Kuku\u010d\u00ednova 2, 040 01 Ko\u0161ice is a controller who processes all personal data in line with respective legal provisions.<br><br>When processing personal data the controller shall act in accordance with the national law of the Slovak Republic and with the law of the EU and to the highest extent possible shall respect the privacy of data subjects and protect their personal data which were provided to the controller and are being processed.<\/p>\n\n\n\n<h4 class=\"wp-block-heading\">\u200bReasons for Processing Personal Data<\/h4>\n\n\n\n<p>\u200bProcessing personal data that we obtained and were provided is part of our business activities. Without being able to process personal data that were provided to us, we cannot provide services to our clients to the extent required.<\/p>\n\n\n\n<h4 class=\"wp-block-heading\">\u200bThe Basis for Processing Personal Data<\/h4>\n\n\n\n<p>\u200bThe current legislation allows for the processing of personal data based on law (i.e. without the consent of data subjects) or based on the consent of data subjects.<br><br>Processing personal data based on law means that we can process your personal data even without your consent in order to carry out our business activities. The respective legal provisions that concern our activities (services) form the basis for processing operations.<br><br>If there are no legal reasons for processing personal data without your consent, we may process your personal data only after you have given us your consent.<\/p>\n\n\n\n<h4 class=\"wp-block-heading\">\u200bDisclosure to Third Parties<\/h4>\n\n\n\n<p>\u200bIt might happen that when we process your personal data, they might be processed by third parties in cases when it is necessary for the fulfilment of our obligations towards you, our clients or for the provision of our services. When choosing our partners, we pay heed that a high level of personal data protection is maintained.<br><br>Personal data of data subjects may be processed within the countries of the European Union and within countries that are contracting parties to the Agreement on the European Economic Area. Transmitting personal data to third countries may occur only if the European Commission deems their legal regime as having an adequate level of personal data protection.<\/p>\n\n\n\n<h4 class=\"wp-block-heading\">\u200bHow to Handle Personal Data<\/h4>\n\n\n\n<p>\u200bThe controller processes your personal data manually or by using electronic systems. The controller takes not only all technical measures but also all personal and controlling steps necessary for maintaining the highest level of personal data protection.<\/p>\n\n\n\n<h4 class=\"wp-block-heading\">\u200bRights of Data Subjects<\/h4>\n\n\n\n<p>\u200bData subjects have the right to:<\/p>\n\n\n\n<ol class=\"wp-block-list\">\n<li>\u200brequest from the controller access to personal data concerning them,<\/li>\n\n\n\n<li>rectify, erase or restrict the processing of personal data,<\/li>\n\n\n\n<li>object to the processing of personal data<\/li>\n\n\n\n<li>portability of personal data,<\/li>\n\n\n\n<li>lodge a complaint or commence in legal proceedings with a supervisory authority, which is the Office for Personal Data Protection,<\/li>\n\n\n\n<li>withdraw their consent to the processing of personal data at any time.<\/li>\n<\/ol>\n\n\n\n<p>\u200bFeel free to email us any questions regarding the protection of your personal data: office@cike.sk or directly to the address of the controller.<br><br>Without undue delay, the controller shall inform the data subject of a personal data breach if such a personal data breach might cause a high risk to the rights of data subjects.<\/p>\n\n\n\n<h4 class=\"wp-block-heading\">\u200bData Protection Officer<\/h4>\n\n\n\n<p>\u200bHereby the controller provides information concerning the data protection officer. The data protection officer is the company Voj\u010d\u00edk &amp; Privacy s.r.o., having its seat at: R\u00e1zusova 28, 040 01 Ko\u0161ice, I\u010cO: entered in the Commercial Register of the District Court Ko\u010dice I, section: Sro, entry No.: 22270\/V, contact \u2013 email:&nbsp;.<\/p>\n\n\n\n<p><\/p>\n","protected":false},"excerpt":{"rendered":"<p>Controller \u200bCreative Industry Ko\u0161ice n.o., I\u010cO: 35&nbsp;583 461, address: Kuku\u010d\u00ednova 2, 040 01 Ko\u0161ice is a controller who processes all personal data in line with respective legal provisions. When processing personal data the controller shall act in accordance with the national law of the Slovak Republic and with the law of the EU and to &hellip; <a href=\"https:\/\/atdays.sk\/en\/general-rules-for-the-protection-of-personal-data-2\/\">Continued<\/a><\/p>\n","protected":false},"author":3,"featured_media":0,"parent":0,"menu_order":0,"comment_status":"closed","ping_status":"closed","template":"template-legal.blade.php","meta":{"_acf_changed":false,"footnotes":""},"class_list":["post-1629","page","type-page","status-publish","hentry"],"acf":[],"_links":{"self":[{"href":"https:\/\/atdays.sk\/en\/wp-json\/wp\/v2\/pages\/1629","targetHints":{"allow":["GET"]}}],"collection":[{"href":"https:\/\/atdays.sk\/en\/wp-json\/wp\/v2\/pages"}],"about":[{"href":"https:\/\/atdays.sk\/en\/wp-json\/wp\/v2\/types\/page"}],"author":[{"embeddable":true,"href":"https:\/\/atdays.sk\/en\/wp-json\/wp\/v2\/users\/3"}],"replies":[{"embeddable":true,"href":"https:\/\/atdays.sk\/en\/wp-json\/wp\/v2\/comments?post=1629"}],"version-history":[{"count":1,"href":"https:\/\/atdays.sk\/en\/wp-json\/wp\/v2\/pages\/1629\/revisions"}],"predecessor-version":[{"id":1630,"href":"https:\/\/atdays.sk\/en\/wp-json\/wp\/v2\/pages\/1629\/revisions\/1630"}],"wp:attachment":[{"href":"https:\/\/atdays.sk\/en\/wp-json\/wp\/v2\/media?parent=1629"}],"curies":[{"name":"wp","href":"https:\/\/api.w.org\/{rel}","templated":true}]}}